{"id":4379,"date":"2022-08-18T17:41:20","date_gmt":"2022-08-18T15:41:20","guid":{"rendered":"https:\/\/www.bernix.si\/?page_id=4379"},"modified":"2025-06-08T14:34:20","modified_gmt":"2025-06-08T12:34:20","slug":"press","status":"publish","type":"page","link":"https:\/\/www.bernix.si\/en\/press\/","title":{"rendered":"Press"},"content":{"rendered":"<p><a href=\"https:\/\/bigsee.eu\/apartment-vidovdanska\/?fbclid=PAZXh0bgNhZW0CMTEAAacExVi-lJRK2k5OK2Np5pvvqArdLkLtEZVZueaAWGUe7694buuK8R0_A0ubPw_aem_jZYG8v1iZlIWistQl82LJg\">Big See Interior Design Award 2025 &gt;&gt;<\/a><\/p>\n<p><a href=\"https:\/\/bigsee.eu\/apartment-jurckova-ljubljana\/\" target=\"_blank\" rel=\"noopener\">Big See Interior Design Award 2022 &gt;&gt;<\/a><\/p>\n<p><a href=\"https:\/\/www.tvambienti.si\/28\/08\/2020\/bernix-marmorna-kavna-mizica-za-estete\/\" target=\"_blank\" rel=\"noopener\">Ambient: BERNIX Marmorna kavna mizica za esteta &gt;&gt;<\/a><\/p>\n<p><a href=\"https:\/\/www.tvambienti.si\/01\/02\/2022\/urbano-stanovanje-mlade-druzine-v-ljubljani\/\" target=\"_blank\" rel=\"noopener\">Ambient: Urbano stanovanje mlade dru\u017eine v Ljubljani &gt;&gt;<\/a><\/p>\n<p><a href=\"https:\/\/www.mojmojster.net\/clanek\/1046\/bernix_furniture_design_-_unikatne_rocno_izdelane_marmorne_kavne_mizice_za_lep_interier\" target=\"_blank\" rel=\"noopener\">Mojmojster \u010dlanek &gt;&gt;<\/a><\/p>\n<p><a href=\"https:\/\/vimeo.com\/363097993\" target=\"_blank\" rel=\"noopener\">BERNIX Vimeo &gt;&gt;<\/a><\/p>\n<p><a href=\"https:\/\/www.tvambienti.si\/05\/09\/2019\/najboljse-slovensko-oblikovanje-ze-cetrtic-na-sejmu-maison-objet\/?fbclid=IwAR3jZnynJMmRgJ2VHQoWdqc6hm4Vk2v-CuG4Y75rnOWXfMdoNRdeyLAh1Vw\" target=\"_blank\" rel=\"noopener\">Ambient \u2013 Najbolj\u0161e slovensko oblikovanje \u017ee \u010detrti\u010d na sejmu Maison &amp; Objet &gt;&gt;<\/a><\/p>\n<p><a href=\"http:\/\/www.prostorama.si\/blog\/dogodki\/ambient-ljubljana-2019-sejem-pohistva.html\" target=\"_blank\" rel=\"noopener\">Sejem Ambient, Top ideje 2019 &gt;&gt;\u00a0<\/a><\/p>\n<p><a href=\"https:\/\/www.rtvslo.si\/zabava-in-slog\/lepota-bivanja\/izbrano-lepota-bivanja\/foto-in-video-slovenski-oblikovalci-ciljajo-tudi-na-zahtevne-skandinavske-trge\/471276\" target=\"_blank\" rel=\"noopener\">MCC &#8211; Sejem Ambient, Top ideje 2018 &gt;&gt;<\/a><\/p>\n","protected":false},"excerpt":{"rendered":"<p>Big See Interior Design Award 2025 &gt;&gt; Big See Interior Design Award 2022 &gt;&gt; Ambient: BERNIX Marmorna kavna mizica za<\/p>\n","protected":false},"author":1,"featured_media":0,"parent":0,"menu_order":0,"comment_status":"closed","ping_status":"closed","template":"","meta":{"footnotes":""},"class_list":["post-4379","page","type-page","status-publish","hentry"],"_links":{"self":[{"href":"https:\/\/www.bernix.si\/en\/wp-json\/wp\/v2\/pages\/4379","targetHints":{"allow":["GET"]}}],"collection":[{"href":"https:\/\/www.bernix.si\/en\/wp-json\/wp\/v2\/pages"}],"about":[{"href":"https:\/\/www.bernix.si\/en\/wp-json\/wp\/v2\/types\/page"}],"author":[{"embeddable":true,"href":"https:\/\/www.bernix.si\/en\/wp-json\/wp\/v2\/users\/1"}],"replies":[{"embeddable":true,"href":"https:\/\/www.bernix.si\/en\/wp-json\/wp\/v2\/comments?post=4379"}],"version-history":[{"count":3,"href":"https:\/\/www.bernix.si\/en\/wp-json\/wp\/v2\/pages\/4379\/revisions"}],"predecessor-version":[{"id":5171,"href":"https:\/\/www.bernix.si\/en\/wp-json\/wp\/v2\/pages\/4379\/revisions\/5171"}],"wp:attachment":[{"href":"https:\/\/www.bernix.si\/en\/wp-json\/wp\/v2\/media?parent=4379"}],"curies":[{"name":"wp","href":"https:\/\/api.w.org\/{rel}","templated":true}]}}