{"id":3493,"date":"2019-09-19T23:29:18","date_gmt":"2019-09-19T21:29:18","guid":{"rendered":"https:\/\/www.bernix.si\/?post_type=product&#038;p=3493"},"modified":"2022-08-20T23:06:58","modified_gmt":"2022-08-20T21:06:58","slug":"celine-calacatta-gold","status":"publish","type":"product","link":"https:\/\/www.bernix.si\/en\/product\/celine-calacatta-gold\/","title":{"rendered":"Celine &#8211; Calacatta Gold"},"content":{"rendered":"<div class=\"wpb-content-wrapper\"><p>[vc_row content_placement=&#8221;top&#8221;][vc_column width=&#8221;1\/2&#8243;][vc_column_text]Celine coffee table is handcrafted combining gorgeous round marble top and\u00a0 3 round elegant legs which are becoming thinner at the bottom. The marble top is processed with special care and\u00a0 precisely crafted thin edges, creating elegant and floating look of the coffee table. This exclusive coffee table will undoubtfully enhance any interior.<\/p>\n<p>The marble can be polished or lacquered.<\/p>\n<p>Available in 3 sizes: \u00a0\u00d8 100, \u00d8 80, \u00d8 60 cm and height of \u00a030 cm, 40 cm, 45 cm. The coffee table\u00a0 can be put as a single element\u00a0 or as a set of two or three. Celine coffee table can beautifully combined with other BERNIX coffee tables.<\/p>\n<p>Available in a gorgeous variety of marbles in either Nero Marquina, Coffee Marble, Calacatta Gold, Carrara, Verde Alpi, Hotavlje, Vetro Bianco and a variety of elegant polished metal bases in either chrome, brass or black.<\/p>\n<p><em><strong>Note:\u00a0Every piece of marble in nature has slightly different pattern what makes every product outstanding and unique.<\/strong><\/em>[\/vc_column_text][\/vc_column][vc_column width=&#8221;1\/2&#8243; css=&#8221;.vc_custom_1490694541710{padding-top: 0px !important;}&#8221;][vc_single_image image=&#8221;3513&#8243; img_size=&#8221;full&#8221; onclick=&#8221;link_image&#8221;][vc_row_inner content_placement=&#8221;top&#8221;][vc_column_inner css=&#8221;.vc_custom_1490695008312{margin-bottom: 20px !important;}&#8221;][\/vc_column_inner][\/vc_row_inner][\/vc_column][\/vc_row]<\/p>\n<\/div>","protected":false},"excerpt":{"rendered":"<p>Celine coffee table is handcrafted combining gorgeous round marble top and\u00a0 3 round elegant legs which are becoming thinner at the bottom. The marble top is processed with special care and\u00a0 precisely crafted thin edges, creating elegant and floating look of the coffee table. This exclusive coffee table will undoubtfully enhance any interior.<\/p>\n<p>The marble can be polished or lacquered.<\/p>\n<p>Available in 3 sizes: \u00a0\u00d8 100, \u00d8 80, \u00d8 60 cm and height of \u00a030 cm, 40 cm, 45 cm. The coffee table\u00a0 can be put as a single element\u00a0 or as a set of two or three. Celine coffee table can beautifully combined with other BERNIX coffee tables.<\/p>\n<p>Available in a gorgeous variety of marbles in either Nero Marquina, Coffee Marble, Calacatta Gold, Carrara, Verde Alpi, Hotavlje, Vetro Bianco and a variety of elegant polished metal bases in either chrome, brass or black.<\/p>\n<p><em><strong>Note:\u00a0Every piece of marble in nature has slightly different pattern what makes every product outstanding and unique.<\/strong><\/em><\/p>\n<p><strong>PRODUCTION TIME:<br \/>\n<\/strong>In BERNIX furniture design products are made on orders. Each BERNIX product is handcrafted according to order from customer. Full production process from order placement takes 4-5 weeks. In case of using lacquering (special protection coverage of marble), production takes 8-9 weeks. Delivery takes from 1 to 7 days in all Europe.<\/p>\n","protected":false},"featured_media":3507,"comment_status":"open","ping_status":"closed","template":"","meta":[],"product_brand":[],"product_cat":[56],"product_tag":[],"class_list":{"0":"post-3493","1":"product","2":"type-product","3":"status-publish","4":"has-post-thumbnail","6":"product_cat-coffee-tables","8":"first","9":"onbackorder","10":"featured","11":"purchasable","12":"product-type-variable","13":"has-default-attributes"},"_links":{"self":[{"href":"https:\/\/www.bernix.si\/en\/wp-json\/wp\/v2\/product\/3493","targetHints":{"allow":["GET"]}}],"collection":[{"href":"https:\/\/www.bernix.si\/en\/wp-json\/wp\/v2\/product"}],"about":[{"href":"https:\/\/www.bernix.si\/en\/wp-json\/wp\/v2\/types\/product"}],"replies":[{"embeddable":true,"href":"https:\/\/www.bernix.si\/en\/wp-json\/wp\/v2\/comments?post=3493"}],"wp:featuredmedia":[{"embeddable":true,"href":"https:\/\/www.bernix.si\/en\/wp-json\/wp\/v2\/media\/3507"}],"wp:attachment":[{"href":"https:\/\/www.bernix.si\/en\/wp-json\/wp\/v2\/media?parent=3493"}],"wp:term":[{"taxonomy":"product_brand","embeddable":true,"href":"https:\/\/www.bernix.si\/en\/wp-json\/wp\/v2\/product_brand?post=3493"},{"taxonomy":"product_cat","embeddable":true,"href":"https:\/\/www.bernix.si\/en\/wp-json\/wp\/v2\/product_cat?post=3493"},{"taxonomy":"product_tag","embeddable":true,"href":"https:\/\/www.bernix.si\/en\/wp-json\/wp\/v2\/product_tag?post=3493"}],"curies":[{"name":"wp","href":"https:\/\/api.w.org\/{rel}","templated":true}]}}