{"id":4411,"date":"2022-08-20T21:32:45","date_gmt":"2022-08-20T19:32:45","guid":{"rendered":"https:\/\/www.bernix.si\/?post_type=product&#038;p=4411"},"modified":"2024-11-17T22:34:23","modified_gmt":"2024-11-17T21:34:23","slug":"morpheus-bedside-table","status":"publish","type":"product","link":"https:\/\/www.bernix.si\/en\/product\/morpheus-bedside-table\/","title":{"rendered":"Morpheus &#8211; bedside table"},"content":{"rendered":"<div class=\"wpb-content-wrapper\"><p>[vc_row content_placement=&#8221;top&#8221;][vc_column width=&#8221;1\/2&#8243;][vc_column_text text_larger=&#8221;no&#8221;]No\u010dna omarica Morpheus, ki je ro\u010dno izdelana s strani izku\u0161enih mojstrov v Sloveniji, je unikaten kos, ki bo odli\u010dno krasil vsako spalnico. Z elegantno me\u0161anico naravnih materialov, kot sta izvrsten naravni marmor in naravni les, bo miza izgledala preprosto osupljivo, \u010de jo postavite poleg katere koli postelje. Natan\u010dno izdelane fronte iz marmorja imajo elegantne tanke robove, ki ustvarjajo prefinjen detajl. Omarica ima dva priro\u010dna odlagalna predala iz furniranega hrastovega lesa, z mehanizmom za mehko zapiranje. \u010cudoviti medeninasti detajli odli\u010dno dopolnjujejo no\u010dno omarico.<\/p>\n<p>No\u010dna omarica je na voljo v dveh velikostih: 45x45x45 cm ali 70x45x45 cm.<\/p>\n<p>Na voljo je v \u010dudoviti izbiri naravnega marmorja v Nero Marquini, Coffee Marble, Calacatta Gold, Carrara in Verde Alpi.<\/p>\n<p><em><strong>Opomba:\u00a0Vse marmorne plo\u0161\u010de so nekoliko druga\u010dne kot na slikah, saj je vsak vzorec marmorja v naravi razli\u010den in edinstven.<\/strong><\/em>[\/vc_column_text][\/vc_column][vc_column width=&#8221;1\/2&#8243; css=&#8221;.vc_custom_1490694541710{padding-top: 0px !important;}&#8221;][vc_single_image image=&#8221;4453&#8243; img_size=&#8221;full&#8221; onclick=&#8221;link_image&#8221; parallax_scroll=&#8221;no&#8221;][vc_row_inner content_placement=&#8221;top&#8221;][vc_column_inner css=&#8221;.vc_custom_1490695008312{margin-bottom: 20px !important;}&#8221;][\/vc_column_inner][\/vc_row_inner][\/vc_column][\/vc_row]<\/p>\n<\/div>","protected":false},"excerpt":{"rendered":"<p>Handcrafted by experienced artisans in Slovenia the bedside table Morpheus is a unique piece that will excellently decorate any bedroom. With elegant mix of natural materials, such as exquisite natural marble and natural wood the table would look simply stunning put beside any type of bed.<\/p>\n<p>The precisiely crafted marble fronts have elegant thin edges which create a sophisticated detail. The table has convenient storage drawers crafted from lacquered oak wood, which have soft closing mechanizm. Beautiful gold details perfectly complement the set of drawers.<\/p>\n<p>The bedside table is available in two sizes: 45x45x45 cm or 70x45x45 cm.<\/p>\n<p>Available in a gorgeous variety of marbles in either Nero Marquina, Coffee Marble, Calacatta Gold, Carrara and Verde Alpi.<\/p>\n<p>Marble is polished in mat or glossy look.<\/p>\n<p><em><strong>Note:\u00a0Every piece of marble in nature has slightly different pattern what makes every product outstanding and unique.<\/strong><\/em><\/p>\n<p><strong>PRODUCTION TIME:<br \/>\n<\/strong>In BERNIX furniture design products are made on orders. Each BERNIX product is handcrafted according to order from customer. Full production process from order placement takes 5-6 weeks. In case of using lacquering (special protection coverage of marble), production takes 9-10 weeks. Delivery takes from 1 to 7 days in all Europe.<\/p>\n","protected":false},"featured_media":4421,"comment_status":"open","ping_status":"closed","template":"","meta":[],"product_brand":[],"product_cat":[],"product_tag":[170],"class_list":{"0":"post-4411","1":"product","2":"type-product","3":"status-publish","4":"has-post-thumbnail","6":"product_tag-marble-table","7":"product_shipping_class-table-aphrodita-en","9":"first","10":"onbackorder","11":"featured","12":"product-type-variable"},"_links":{"self":[{"href":"https:\/\/www.bernix.si\/en\/wp-json\/wp\/v2\/product\/4411","targetHints":{"allow":["GET"]}}],"collection":[{"href":"https:\/\/www.bernix.si\/en\/wp-json\/wp\/v2\/product"}],"about":[{"href":"https:\/\/www.bernix.si\/en\/wp-json\/wp\/v2\/types\/product"}],"replies":[{"embeddable":true,"href":"https:\/\/www.bernix.si\/en\/wp-json\/wp\/v2\/comments?post=4411"}],"wp:featuredmedia":[{"embeddable":true,"href":"https:\/\/www.bernix.si\/en\/wp-json\/wp\/v2\/media\/4421"}],"wp:attachment":[{"href":"https:\/\/www.bernix.si\/en\/wp-json\/wp\/v2\/media?parent=4411"}],"wp:term":[{"taxonomy":"product_brand","embeddable":true,"href":"https:\/\/www.bernix.si\/en\/wp-json\/wp\/v2\/product_brand?post=4411"},{"taxonomy":"product_cat","embeddable":true,"href":"https:\/\/www.bernix.si\/en\/wp-json\/wp\/v2\/product_cat?post=4411"},{"taxonomy":"product_tag","embeddable":true,"href":"https:\/\/www.bernix.si\/en\/wp-json\/wp\/v2\/product_tag?post=4411"}],"curies":[{"name":"wp","href":"https:\/\/api.w.org\/{rel}","templated":true}]}}